{"id":45,"date":"2015-06-30T17:49:01","date_gmt":"2015-06-30T15:49:01","guid":{"rendered":"http:\/\/kvg-dorsten.de\/wp2\/?page_id=45"},"modified":"2024-04-15T15:59:43","modified_gmt":"2024-04-15T13:59:43","slug":"kontakt-und-impressum","status":"publish","type":"page","link":"https:\/\/kvg-dorsten.de\/?page_id=45","title":{"rendered":"Kontakt, Impressum, Datenschutz"},"content":{"rendered":"<h3><strong>Kontakt<\/strong><\/h3>\n<p><strong>Pestalozzischule Dorsten &#8211; <\/strong><strong>kath. Teilstandort Altendorf-Ulfkotte<\/strong><\/p>\n<p>Im P\u00e4sken 14, 46282 Dorsten<\/p>\n<p>Telefon: 02362 \u2013 28432900<\/p>\n<p><strong><a href=\"http:\/\/www.kvg-altendorf-ulfkotte.de\/\" target=\"_blank\" rel=\"noopener noreferrer\">www.kvg-altendorf-ulfkotte.de<\/a><br \/>\n<a href=\"http:\/\/www.kvg-dorsten.de\">www.kvg-dorsten.de<\/a><\/strong><s><\/s><\/p>\n<p>E-Mail-Adresse:<br \/>\n<strong><u><a href=\"sekretariat@122579.nrw.schule\">sekretariat@122579.nrw.schule<\/a><\/u><\/strong><\/p>\n<p>Den Vorstand des F\u00f6rdervereins erreichen Sie per E-Mail unter<br \/>\n<strong><a href=\"mailto:fv@kvg-dorsten.de\">fv@kvg-dorsten.de<\/a>\u00a0<\/strong>oder<br \/>\n<strong><a href=\"mailto:fv@kvg-altendorf-ulfkotte.de\">fv@kvg-altendorf-ulfkotte.de<\/a><\/strong><\/p>\n<hr \/>\n<p>&nbsp;<\/p>\n<p><strong>Hauptstelle Pestalozzischule Dorsten<\/strong><br \/>\nStorchsbaumstra\u00dfe 65, 46282 Dorsten<br \/>\nTelefon: 02362 \u2013 28436800<\/p>\n<p>\u00d6ffnungszeiten des Sekretariats:\u00a0\u00a0\u00a0\u00a0 Mo bis Do,\u00a0 8:10 \u2013 11:45 Uhr<s><\/s><br \/>\n<strong><u><a href=\"sekretariat@122579.nrw.schule\">sekretariat@122579.nrw.schule <\/a><\/u><\/strong><\/p>\n<p>Homepage:<\/p>\n<blockquote class=\"wp-embedded-content\" data-secret=\"qt4BFf6YJF\"><p><a href=\"http:\/\/pestalozzi.online\/\">Herzlich Willkommen<\/a><\/p><\/blockquote>\n<p><iframe loading=\"lazy\" class=\"wp-embedded-content\" sandbox=\"allow-scripts\" security=\"restricted\" style=\"position: absolute; visibility: hidden;\" title=\"&#8222;Herzlich Willkommen&#8220; &#8212; Pestalozzischule\" src=\"http:\/\/pestalozzi.online\/embed\/#?secret=AIuRSDIs3c#?secret=qt4BFf6YJF\" data-secret=\"qt4BFf6YJF\" width=\"474\" height=\"267\" frameborder=\"0\" marginwidth=\"0\" marginheight=\"0\" scrolling=\"no\"><\/iframe><\/p>\n<p><a href=\"http:\/\/pestalozzi.online\">http:\/\/pestalozzi.online<\/a><\/p>\n<p>&nbsp;<\/p>\n<p>&nbsp;<\/p>\n<p>&nbsp;<\/p>\n<h3><strong>Impressum:<\/strong><\/h3>\n<p>Pestalozzischule Dorsten<br \/>\nmit kath. Teilstandort Altendorf-Ulfkotte<br \/>\nStorchsbaumstra\u00dfe 65<br \/>\n46282 Dorsten<\/p>\n<p>Schulleitung: Iris Brembt-Liesenberg<\/p>\n<p><strong>Gestaltung und Pflege der Homepage:<\/strong><br \/>\nAnja Schnabel<br \/>\nE-Mail: anja.schnabel@122579.nrw.schule<\/p>\n<p>Hinweise zu Fehlern, Erg\u00e4nzungen, Vorschl\u00e4ge zum Inhalt \u2026 sind ausdr\u00fccklich erbeten!<\/p>\n<p><strong>In eigener Sache:<\/strong><br \/>\nWir m\u00f6chten darauf hinweisen, dass wir keinen Einfluss auf die Gestaltung und die Inhalte der hier aufgef\u00fchrten Links haben. Deshalb distanzieren wir uns ausdr\u00fccklich von den Inhalten der hier genannten Internetseiten. Diese Erkl\u00e4rung gilt f\u00fcr alle auf dieser Homepage aufgef\u00fchrten Links.<br \/>\nHintergrund:<br \/>\nMit Urteil vom 12. Mai 1998 hat das Landesgericht Hamburg entschieden, dass man durch die Ausbringung eines Links die Inhalte der gelinkten Seite ggf. mit zu verantworten hat. Dies kann, so das Landesgericht, nur dadurch verhindert werden, dass man sich ausdr\u00fccklich von diesen Inhalten distanziert.<\/p>\n<p><strong>Disclaimer<\/strong><br \/>\n1. Inhalt des Onlineangebotes<br \/>\nDer Autor \u00fcbernimmt keinerlei Gew\u00e4hr f\u00fcr die Aktualit\u00e4t, Korrektheit, Vollst\u00e4ndigkeit oder Qualit\u00e4t der bereitgestellten Informationen. Haftungsanspr\u00fcche gegen den Autor, welche sich auf Sch\u00e4den materieller oder ideeller Art beziehen, die durch die Nutzung oder Nichtnutzung der dargebotenen Informationen bzw. durch die Nutzung fehlerhafter und unvollst\u00e4ndiger Informationen verursacht wurden sind grunds\u00e4tzlich ausgeschlossen, sofern seitens des Autors kein nachweislich vors\u00e4tzliches oder grob fahrl\u00e4ssiges Verschulden vorliegt.<br \/>\nAlle Angebote sind freibleibend und unverbindlich. Der Autor beh\u00e4lt es sich ausdr\u00fccklich vor, Teile der Seiten oder das gesamte Angebot ohne gesonderte Ank\u00fcndigung zu ver\u00e4ndern, zu erg\u00e4nzen, zu l\u00f6schen oder die Ver\u00f6ffentlichung zeitweise oder endg\u00fcltig einzustellen.<\/p>\n<p>2. Verweise und Links<br \/>\nBei direkten oder indirekten Verweisen auf fremde Internetseiten (\u201eLinks\u201c), die au\u00dferhalb des Verantwortungsbereiches des Autors liegen, w\u00fcrde eine Haftungsverpflichtung ausschlie\u00dflich in dem Fall in Kraft treten, in dem der Autor von den Inhalten Kenntnis hat und es ihm technisch m\u00f6glich und zumutbar w\u00e4re, die Nutzung im Falle rechtswidriger Inhalte zu verhindern.<br \/>\nDer Autor erkl\u00e4rt daher ausdr\u00fccklich, dass zum Zeitpunkt der Linksetzung die entsprechenden verlinkten Seiten frei von illegalen Inhalten waren. Der Autor hat keinerlei Einfluss auf die aktuelle und zuk\u00fcnftige Gestaltung und auf die Inhalte der gelinkten\/verkn\u00fcpften Seiten. Deshalb distanziert er sich hiermit ausdr\u00fccklich von allen Inhalten aller gelinkten \/verkn\u00fcpften Seiten, die nach der Linksetzung ver\u00e4ndert wurden. Diese Feststellung gilt f\u00fcr alle innerhalb des eigenen Internetangebotes gesetzten Links und Verweise sowie f\u00fcr Fremdeintr\u00e4ge in vom Autor eingerichteten G\u00e4steb\u00fcchern, Diskussionsforen und Mailinglisten. F\u00fcr illegale, fehlerhafte oder unvollst\u00e4ndige Inhalte und insbesondere f\u00fcr Sch\u00e4den, die aus der Nutzung oder Nichtnutzung solcherart dargebotener Informationen entstehen, haftet allein der Anbieter der Seite, auf welche verwiesen wurde, nicht derjenige, der \u00fcber Links auf die jeweilige Ver\u00f6ffentlichung lediglich verweist.<\/p>\n<p>3. Urheber- und Kennzeichenrecht<br \/>\nDer Autor ist bestrebt, in allen Publikationen die Urheberrechte der verwendeten Grafiken, Tondokumente, Videosequenzen und Texte zu beachten, von ihm selbst erstellte Grafiken, Tondokumente, Videosequenzen und Texte zu nutzen oder auf lizenzfreie Grafiken, Tondokumente, Videosequenzen und Texte zur\u00fcckzugreifen.<br \/>\nAlle innerhalb des Internetangebotes genannten und ggf. durch Dritte gesch\u00fctzten Marken- und Warenzeichen unterliegen uneingeschr\u00e4nkt den Bestimmungen des jeweils g\u00fcltigen Kennzeichenrechts und den Besitzrechten der jeweiligen eingetragenen Eigent\u00fcmer. Allein aufgrund der blo\u00dfen Nennung ist nicht der Schlu\u00df zu ziehen, dass Markenzeichen nicht durch Rechte Dritter gesch\u00fctzt sind!<br \/>\nDas Copyright f\u00fcr ver\u00f6ffentlichte, vom Autor selbst erstellte Objekte bleibt allein beim Autor der Seiten. Eine Vervielf\u00e4ltigung oder Verwendung solcher Grafiken, Tondokumente, Videosequenzen und Texte in anderen elektronischen oder gedruckten Publikationen ist ohne ausdr\u00fcckliche Zustimmung des Autors nicht gestattet.<\/p>\n<p>4. Datenschutz<br \/>\nSofern innerhalb des Internetangebotes die M\u00f6glichkeit zur Eingabe pers\u00f6nlicher oder gesch\u00e4ftlicher Daten (Emailadressen, Namen, Anschriften) besteht, so erfolgt die Preisgabe dieser Daten seitens des Nutzers auf ausdr\u00fccklich freiwilliger Basis. Die Inanspruchnahme und Bezahlung aller angebotenen Dienste ist \u2013 soweit technisch m\u00f6glich und zumutbar \u2013 auch ohne Angabe solcher Daten bzw. unter Angabe anonymisierter Daten oder eines Pseudonyms gestattet.<\/p>\n<p>5. Rechtswirksamkeit dieses Haftungsausschlusses<br \/>\nDieser Haftungsausschluss ist als Teil des Internetangebotes zu betrachten, von dem aus auf diese Seite verwiesen wurde. Sofern Teile oder einzelne Formulierungen dieses Textes der geltenden Rechtslage nicht, nicht mehr oder nicht vollst\u00e4ndig entsprechen sollten, bleiben die \u00fcbrigen Teile des Dokumentes in ihrem Inhalt und ihrer G\u00fcltigkeit davon unber\u00fchrt.<\/p>\n<p>\u2022 Quelle: www.disclaimer.de \u2022<\/p>\n<h4><\/h4>\n<h3><strong>Datenschutzerkl\u00e4rung<\/strong><\/h3>\n<div class=\"zpRow standard \">\n<div class=\"zpColumn zpColumnWidth1\">\n<div class=\"zpColumnItem\">\n<div id=\"a1333\" class=\"articlearea\">\n<p>Verantwortliche gem. Art. 4 Nr. 7 EU-Datenschutz-Grundverordnung (EU-DSGVO) ist<br \/>\nSchulleiterin Iris Brembt-Liesenberg<br \/>\nPestalozzischule mit Teilstandort Altendorf-Ulfkotte<br \/>\nStorchsbaumstr. 65, 46282 Dorsten<\/p>\n<p>Den schulischen Datenschutzbeauftragten erreichen Sie unter<br \/>\n<a href=\"mailto:sebastian.kessler@kreis-re.de\">sebastian.kessler@kreis-re.de<\/a>\u00a0\u00a0oder \u00fcber die nachfolgende Postadresse:<br \/>\nUntere Schulaufsichtsbeh\u00f6rde<br \/>\nDer schulische Datenschutzbeauftragte:<br \/>\nSebastian Ke\u00dfler<br \/>\nKreishaus Recklinghausen<br \/>\nKurt-Schumacher-Allee 1<br \/>\n45657 Recklinghausen<br \/>\nTel.: 02361 \u2013 53 4428<\/p>\n<\/div>\n<\/div>\n<\/div>\n<\/div>\n<div class=\"zpRow standard \">\n<div class=\"zpColumn zpColumnWidth1\">\n<div class=\"zpColumnItem\">\n<div id=\"a1334\" class=\"articlearea\">\n<h2>Ihre Rechte als Nutzer<\/h2>\n<p>Sie haben nach Ma\u00dfgabe der Artikel 15, 16, 17, 18 und 21 EU-DSGVO gegen\u00fcber uns folgende Rechte hinsichtlich der Sie betreffenden personenbezogenen Daten:<\/p>\n<p>\u00a7\u00a0 Recht auf Auskunft,<br \/>\n\u00a7\u00a0 Recht auf Berichtigung oder L\u00f6schung,<br \/>\n\u00a7\u00a0 Recht auf Einschr\u00e4nkung der Verarbeitung,<br \/>\n\u00a7\u00a0 Recht auf Widerspruch gegen die Verarbeitung,<br \/>\n\u00a7\u00a0 Recht auf Daten\u00fcbertragbarkeit.<\/p>\n<p>Wenn Sie der Auffassung sind, dass eine Verarbeitung Ihrer personenbezogener Daten gegen Datenschutzrecht verst\u00f6\u00dft, haben Sie das Recht, sich bei der zust\u00e4ndigen Aufsichtsbeh\u00f6rde zu beschweren, die Sie unter folgenden Kontaktdaten erreichen k\u00f6nnen:<\/p>\n<p>Landesbeauftragte f\u00fcr Datenschutz und Informationsfreiheit<br \/>\nNordrhein-Westfalen<br \/>\nPostfach 20 04 44<br \/>\n40102 D\u00fcsseldorf<br \/>\nTel.: 0211\/38424-0<br \/>\nFax: 0211\/38424-10<br \/>\nE-Mail: poststelle@ldi.nrw.de<\/p>\n<p><span style=\"font-size: 24px; font-weight: bold;\">Hinweise zur Datenverarbeitung<\/span><\/p>\n<\/div>\n<\/div>\n<\/div>\n<\/div>\n<div class=\"zpRow standard \">\n<div class=\"zpColumn zpColumnWidth1\">\n<div class=\"zpColumnItem\">\n<div id=\"a1335\" class=\"articlearea\">\n<p>(1)\u00a0\u00a0\u00a0\u00a0\u00a0\u00a0\u00a0 Bei dem Aufruf unserer Website werden personenbezogene Daten erhoben. Dies ist aus technischen Gr\u00fcnden erforderlich, um Ihnen unsere Website anzuzeigen und die Stabilit\u00e4t und Sicherheit zu gew\u00e4hrleisten. Rechtsgrundlage ist Art. 6 Abs. 1 S. 1 lit. e, Abs. 3 EU-DSGVO in Verbindung mit \u00a7 3 Abs. 1 Datenschutzgesetz Nordrhein-Westfalen (DSG NRW).<\/p>\n<p>Das Internetangebot der Schule wird bei 1&amp;1 IONOS<i>\u00a0<\/i>gehostet. Bei jedem Zugriff auf Inhalte des Internetangebotes werden dort personenbezogene Daten empfangen und vor\u00fcbergehend \u00fcber sogenannte Protokoll- oder Log-Dateien gespeichert.<\/p>\n<p>Die folgenden Daten werden bei jedem Aufruf der Internetseite erhoben:<\/p>\n<ul>\n<li>\u00a0IP-Adresse<\/li>\n<li>\u00a0Datum und Uhrzeit des Abrufs<\/li>\n<li>\u00a0Inhalt der Anforderung (konkrete Seite)<\/li>\n<li>\u00a0Zugriffsstatus\/HTTP-Statuscode<\/li>\n<li>\u00a0jeweils \u00fcbertragene Datenmenge<\/li>\n<li>\u00a0Website, von der die Anforderung kommt<\/li>\n<li>\u00a0Browser<\/li>\n<li>\u00a0Betriebssystem und dessen Oberfl\u00e4che<\/li>\n<li>\u00a0Sprache und Version der Browsersoftware.<\/li>\n<\/ul>\n<p>Wir weisen darauf hin, dass Betreiber von fremden Internetseiten, die vom Portal aus verlinkt werden, die Daten von Besucherinnen bzw. Besuchern dieser Internetseiten erheben und auswerten k\u00f6nnen.<\/p>\n<p>Dies sind:<\/p>\n<ul>\n<li>Browsertyp und Browserversion<\/li>\n<li>verwendetes Betriebssystem<\/li>\n<li>Referrer URL<\/li>\n<li>Hostname des zugreifenden Rechners<\/li>\n<li>Uhrzeit der Serveranfrage<\/li>\n<li>IP-Adresse<\/li>\n<\/ul>\n<p>Eine Zusammenf\u00fchrung dieser Daten mit anderen Datenquellen wird nicht vorgenommen.<br \/>\nGrundlage f\u00fcr die Datenverarbeitung ist Art. 6 Abs. 1 lit. b DSGVO, der die Verarbeitung von Daten zur Erf\u00fcllung eines Vertrags oder vorvertraglicher Ma\u00dfnahmen gestattet.<\/p>\n<p>(2)\u00a0\u00a0\u00a0\u00a0\u00a0\u00a0\u00a0 Bei Ihrer Kontaktaufnahme mit uns per E-Mail oder \u00fcber ein Kontaktformular m\u00fcssen die von Ihnen freiwillig mitgeteilten Daten (Ihre E-Mail-Adresse, ggf. Ihr Name und Ihre Telefonnummer) gespeichert werden, um Ihrem Anliegen entgegen kommen zu k\u00f6nnen.<\/p>\n<p>Rechtsgrundlage ist Art. 6 Abs. 1 S. 1 lit. e, Abs. 3 EU-DSGVO in Verbindung mit \u00a7 3 Abs. 1 Datenschutzgesetz Nordrhein-Westfalen (DSG NRW).<br \/>\nDie von Ihnen eingegebenen pers\u00f6nlichen Daten verwenden wir nur zu dem von Ihnen gew\u00fcnschten Zweck. Die in diesem Zusammenhang anfallenden Daten l\u00f6schen wir, nachdem die Speicherung nicht mehr erforderlich ist.<\/p>\n<\/div>\n<\/div>\n<\/div>\n<\/div>\n<p><strong>Datenschutzerkl\u00e4rung f\u00fcr die Nutzung\u00a0 von Cookies<\/strong><\/p>\n<p>Diese Internetseiten verwenden so genannte Cookies. Cookies richten auf Ihrem Rechner keinen Schaden an und enthalten keine Viren. Cookies dienen dazu, unser Angebot nutzerfreundlicher, effektiver und sicherer zu machen. Cookies sind kleine Textdateien, die auf Ihrem Rechner abgelegt werden und die Ihr Browser speichert.<\/p>\n<p>Die von uns verwendeten Cookies sind so genannte \u201eSession-Cookies\u201c. Sie werden nach Ende Ihres Besuchs automatisch gel\u00f6scht. Andere Cookies bleiben auf Ihrem Endger\u00e4t gespeichert, bis Sie diese l\u00f6schen. Diese Cookies erm\u00f6glichen es uns, Ihren Browser beim n\u00e4chsten Besuch wiederzuerkennen.<\/p>\n<p>Sie k\u00f6nnen Ihren Browser so einstellen, dass Sie \u00fcber das Setzen von Cookies informiert werden und Cookies nur im Einzelfall erlauben, die Annahme von Cookies f\u00fcr bestimmte F\u00e4lle oder generell ausschlie\u00dfen sowie das automatische L\u00f6schen der Cookies beim Schlie\u00dfen des Browser aktivieren. Bei der Deaktivierung von Cookies kann die Funktionalit\u00e4t dieser Website eingeschr\u00e4nkt sein.<\/p>\n<p>Beim erstmaligen Besuch dieses Internetangebots bzw. einer Seite werden Sie automatisch auf die Cookie-Nutzung hingewiesen.<\/p>\n<p><strong>Kontaktformular<\/strong><\/p>\n<p>Wenn Sie uns per Kontaktformular Anfragen zukommen lassen, werden Ihre Angaben aus dem Anfrageformular inklusive der von Ihnen dort angegebenen Kontaktdaten zwecks Bearbeitung der Anfrage und f\u00fcr den Fall von Anschlussfragen bei uns gespeichert. Diese Daten geben wir nicht ohne Ihre Einwilligung weiter.<\/p>\n<p><strong>Widerspruch Werbe-Mails<\/strong><\/p>\n<p>Der Nutzung von im Rahmen der Impressumspflicht ver\u00f6ffentlichten Kontaktdaten zur \u00dcbersendung von nicht ausdr\u00fccklich angeforderter Werbung und Informationsmaterialien wird hiermit widersprochen. Die Betreiber der Seiten behalten sich ausdr\u00fccklich rechtliche Schritte im Falle der unverlangten Zusendung von Werbeinformationen, etwa durch Spam-E-Mails, vor.<\/p>\n<p><strong>Newsletterdaten<\/strong><\/p>\n<p>Wenn Sie den auf der Webseite angebotenen Newsletter beziehen m\u00f6chten, ben\u00f6tigen wir von Ihnen eine E-Mail-Adresse sowie Informationen, welche uns die \u00dcberpr\u00fcfung gestatten, dass Sie der Inhaber der angegebenen E-Mail-Adresse sind und mit dem Empfang des Newsletters einverstanden sind. Weitere Daten werden nicht erhoben. Diese Daten verwenden wir ausschlie\u00dflich f\u00fcr den Versand der angeforderten Informationen und geben sie nicht an Dritte weiter.<\/p>\n<p>Die erteilte Einwilligung zur Speicherung der Daten, der E-Mail-Adresse sowie deren Nutzung zum Versand des Newsletters k\u00f6nnen Sie jederzeit widerrufen , etwa \u00fcber den \u201eAustragen\u201c-Link im Newsletter.<\/p>\n<p><strong>Auskunft, L\u00f6schung, Sperrung<\/strong><\/p>\n<p>Sie haben jederzeit das Recht auf unentgeltliche Auskunft \u00fcber Ihre gespeicherten personenbezogenen Daten, deren Herkunft und Empf\u00e4nger und den Zweck der Datenverarbeitung sowie ein Recht auf Berichtigung, Sperrung oder L\u00f6schung dieser Daten. Hierzu sowie zu weiteren Fragen zum Thema personenbezogene Daten k\u00f6nnen Sie sich jederzeit unter der im Impressum angegebenen Adresse an uns wenden.<\/p>\n<p>&nbsp;<\/p>\n","protected":false},"excerpt":{"rendered":"<p>Kontakt Pestalozzischule Dorsten &#8211; kath. Teilstandort Altendorf-Ulfkotte Im P\u00e4sken 14, 46282 Dorsten Telefon: 02362 \u2013 28432900 www.kvg-altendorf-ulfkotte.de www.kvg-dorsten.de E-Mail-Adresse: sekretariat@122579.nrw.schule Den Vorstand des F\u00f6rdervereins erreichen Sie per E-Mail unter fv@kvg-dorsten.de\u00a0oder fv@kvg-altendorf-ulfkotte.de &nbsp; Hauptstelle Pestalozzischule Dorsten Storchsbaumstra\u00dfe 65, 46282 Dorsten Telefon: 02362 \u2013 28436800 \u00d6ffnungszeiten des Sekretariats:\u00a0\u00a0\u00a0\u00a0 Mo bis Do,\u00a0 8:10 \u2013 11:45 Uhr sekretariat@122579.nrw.schule Homepage: &hellip; <a href=\"https:\/\/kvg-dorsten.de\/?page_id=45\" class=\"more-link\"><span class=\"screen-reader-text\">Kontakt, Impressum, Datenschutz<\/span> weiterlesen <span class=\"meta-nav\">&rarr;<\/span><\/a><\/p>\n","protected":false},"author":1,"featured_media":0,"parent":0,"menu_order":60,"comment_status":"open","ping_status":"open","template":"","meta":{"footnotes":""},"class_list":["post-45","page","type-page","status-publish","hentry"],"_links":{"self":[{"href":"https:\/\/kvg-dorsten.de\/index.php?rest_route=\/wp\/v2\/pages\/45","targetHints":{"allow":["GET"]}}],"collection":[{"href":"https:\/\/kvg-dorsten.de\/index.php?rest_route=\/wp\/v2\/pages"}],"about":[{"href":"https:\/\/kvg-dorsten.de\/index.php?rest_route=\/wp\/v2\/types\/page"}],"author":[{"embeddable":true,"href":"https:\/\/kvg-dorsten.de\/index.php?rest_route=\/wp\/v2\/users\/1"}],"replies":[{"embeddable":true,"href":"https:\/\/kvg-dorsten.de\/index.php?rest_route=%2Fwp%2Fv2%2Fcomments&post=45"}],"version-history":[{"count":18,"href":"https:\/\/kvg-dorsten.de\/index.php?rest_route=\/wp\/v2\/pages\/45\/revisions"}],"predecessor-version":[{"id":2734,"href":"https:\/\/kvg-dorsten.de\/index.php?rest_route=\/wp\/v2\/pages\/45\/revisions\/2734"}],"wp:attachment":[{"href":"https:\/\/kvg-dorsten.de\/index.php?rest_route=%2Fwp%2Fv2%2Fmedia&parent=45"}],"curies":[{"name":"wp","href":"https:\/\/api.w.org\/{rel}","templated":true}]}}